{"id":44,"date":"2024-02-28T10:03:13","date_gmt":"2024-02-28T09:03:13","guid":{"rendered":"https:\/\/claudiamuscente.it\/?page_id=44"},"modified":"2024-02-29T14:15:00","modified_gmt":"2024-02-29T13:15:00","slug":"psicoterapia","status":"publish","type":"page","link":"https:\/\/claudiamuscente.it\/?page_id=44","title":{"rendered":"Psicoterapia"},"content":{"rendered":"\n<p><strong>Il disagio psichico che porta una persona a cercare uno psicoterapeuta pu\u00f2 assumere diverse forme.<\/strong> Pu\u00f2 trattarsi di una vera e propria <strong>malattia psichiatrica<\/strong>, come psicosi, depressione, nevrosi, disturbi borderline o disturbi psicosomatici.<\/p>\n\n\n\n<p>Ma il disagio psichico pu\u00f2 manifestarsi anche in modi meno gravi, come:<\/p>\n\n\n\n<ul class=\"wp-block-list\">\n<li><strong>Difficolt\u00e0 croniche nel lavoro<\/strong><\/li>\n\n\n\n<li><strong>Schemi relazionali distruttivi<\/strong><\/li>\n\n\n\n<li><strong>Problemi nella funzione genitoriale<\/strong><\/li>\n\n\n\n<li><strong>Crisi esistenziali acute<\/strong>&nbsp;legate a eventi come la perdita di una persona cara, periodi di forte stress o gravi crisi adolescenziali.<\/li>\n<\/ul>\n\n\n\n<p>In alcuni di questi casi, pu\u00f2 essere indicata una <strong>terapia psicoanalitica breve o focale<\/strong>.<\/p>\n\n\n\n<p><strong>L&#8217;obiettivo di qualsiasi terapia psicoanalitica \u00e8 quello di aiutare il paziente a liberarsi dai sintomi di origine inconscia e a trovare nuove strategie, consapevoli, per affrontare la vita in modo pi\u00f9 creativo e funzionale.<\/strong><\/p>\n\n\n\n<p>In altre parole, la terapia aiuta la persona a:<\/p>\n\n\n\n<ul class=\"wp-block-list\">\n<li><strong>Comprendere le cause del suo disagio<\/strong><\/li>\n\n\n\n<li><strong>Sviluppare una maggiore consapevolezza di s\u00e9<\/strong><\/li>\n\n\n\n<li><strong>Imparare a gestire le proprie emozioni<\/strong><\/li>\n\n\n\n<li><strong>Migliorare le proprie relazioni<\/strong><\/li>\n\n\n\n<li><strong>Affrontare le sfide della vita in modo pi\u00f9 efficace<\/strong><\/li>\n<\/ul>\n\n\n\n<p><strong>La terapia psicoanalitica non \u00e8 una bacchetta magica, ma pu\u00f2 essere un valido strumento per migliorare la qualit\u00e0 della vita.<\/strong><\/p>\n","protected":false},"excerpt":{"rendered":"<p>Il disagio psichico che porta una persona a cercare uno psicoterapeuta pu\u00f2 assumere diverse forme. Pu\u00f2 trattarsi di una vera e propria malattia psichiatrica, come psicosi, depressione, nevrosi, disturbi borderline o disturbi psicosomatici. Ma il disagio psichico pu\u00f2 manifestarsi anche in modi meno gravi, come: In alcuni di questi casi, pu\u00f2 essere indicata una terapia [&hellip;]<\/p>\n","protected":false},"author":1,"featured_media":0,"parent":0,"menu_order":0,"comment_status":"closed","ping_status":"closed","template":"","meta":{"footnotes":""},"class_list":["post-44","page","type-page","status-publish","hentry"],"yoast_head":"<!-- This site is optimized with the Yoast SEO plugin v22.7 - https:\/\/yoast.com\/wordpress\/plugins\/seo\/ -->\n<title>Psicoterapia - CLAUDIA MUSCENTE<\/title>\n<meta name=\"robots\" content=\"index, follow, max-snippet:-1, max-image-preview:large, max-video-preview:-1\" \/>\n<link rel=\"canonical\" href=\"https:\/\/claudiamuscente.it\/?page_id=44\" \/>\n<meta property=\"og:locale\" content=\"it_IT\" \/>\n<meta property=\"og:type\" content=\"article\" \/>\n<meta property=\"og:title\" content=\"Psicoterapia - CLAUDIA MUSCENTE\" \/>\n<meta property=\"og:description\" content=\"Il disagio psichico che porta una persona a cercare uno psicoterapeuta pu\u00f2 assumere diverse forme. Pu\u00f2 trattarsi di una vera e propria malattia psichiatrica, come psicosi, depressione, nevrosi, disturbi borderline o disturbi psicosomatici. Ma il disagio psichico pu\u00f2 manifestarsi anche in modi meno gravi, come: In alcuni di questi casi, pu\u00f2 essere indicata una terapia [&hellip;]\" \/>\n<meta property=\"og:url\" content=\"https:\/\/claudiamuscente.it\/?page_id=44\" \/>\n<meta property=\"og:site_name\" content=\"CLAUDIA MUSCENTE\" \/>\n<meta property=\"article:modified_time\" content=\"2024-02-29T13:15:00+00:00\" \/>\n<meta name=\"twitter:card\" content=\"summary_large_image\" \/>\n<meta name=\"twitter:label1\" content=\"Tempo di lettura stimato\" \/>\n\t<meta name=\"twitter:data1\" content=\"1 minuto\" \/>\n<script type=\"application\/ld+json\" class=\"yoast-schema-graph\">{\"@context\":\"https:\/\/schema.org\",\"@graph\":[{\"@type\":\"WebPage\",\"@id\":\"https:\/\/claudiamuscente.it\/?page_id=44\",\"url\":\"https:\/\/claudiamuscente.it\/?page_id=44\",\"name\":\"Psicoterapia - CLAUDIA MUSCENTE\",\"isPartOf\":{\"@id\":\"https:\/\/claudiamuscente.it\/#website\"},\"datePublished\":\"2024-02-28T09:03:13+00:00\",\"dateModified\":\"2024-02-29T13:15:00+00:00\",\"breadcrumb\":{\"@id\":\"https:\/\/claudiamuscente.it\/?page_id=44#breadcrumb\"},\"inLanguage\":\"it-IT\",\"potentialAction\":[{\"@type\":\"ReadAction\",\"target\":[\"https:\/\/claudiamuscente.it\/?page_id=44\"]}]},{\"@type\":\"BreadcrumbList\",\"@id\":\"https:\/\/claudiamuscente.it\/?page_id=44#breadcrumb\",\"itemListElement\":[{\"@type\":\"ListItem\",\"position\":1,\"name\":\"Home\",\"item\":\"https:\/\/claudiamuscente.it\/\"},{\"@type\":\"ListItem\",\"position\":2,\"name\":\"Psicoterapia\"}]},{\"@type\":\"WebSite\",\"@id\":\"https:\/\/claudiamuscente.it\/#website\",\"url\":\"https:\/\/claudiamuscente.it\/\",\"name\":\"CLAUDIA MUSCENTE PSICOLOGA PSICOTERAPEUTA ALESSANDRIA\",\"description\":\"ansia attacchi di panico disturbi depressivi disturbi di personalit\u00e0 disturbi dell&#039;umore disturbi alimentari\",\"alternateName\":\"psicologo alessandria\",\"potentialAction\":[{\"@type\":\"SearchAction\",\"target\":{\"@type\":\"EntryPoint\",\"urlTemplate\":\"https:\/\/claudiamuscente.it\/?s={search_term_string}\"},\"query-input\":\"required name=search_term_string\"}],\"inLanguage\":\"it-IT\"}]}<\/script>\n<!-- \/ Yoast SEO plugin. -->","yoast_head_json":{"title":"Psicoterapia - CLAUDIA MUSCENTE","robots":{"index":"index","follow":"follow","max-snippet":"max-snippet:-1","max-image-preview":"max-image-preview:large","max-video-preview":"max-video-preview:-1"},"canonical":"https:\/\/claudiamuscente.it\/?page_id=44","og_locale":"it_IT","og_type":"article","og_title":"Psicoterapia - CLAUDIA MUSCENTE","og_description":"Il disagio psichico che porta una persona a cercare uno psicoterapeuta pu\u00f2 assumere diverse forme. Pu\u00f2 trattarsi di una vera e propria malattia psichiatrica, come psicosi, depressione, nevrosi, disturbi borderline o disturbi psicosomatici. Ma il disagio psichico pu\u00f2 manifestarsi anche in modi meno gravi, come: In alcuni di questi casi, pu\u00f2 essere indicata una terapia [&hellip;]","og_url":"https:\/\/claudiamuscente.it\/?page_id=44","og_site_name":"CLAUDIA MUSCENTE","article_modified_time":"2024-02-29T13:15:00+00:00","twitter_card":"summary_large_image","twitter_misc":{"Tempo di lettura stimato":"1 minuto"},"schema":{"@context":"https:\/\/schema.org","@graph":[{"@type":"WebPage","@id":"https:\/\/claudiamuscente.it\/?page_id=44","url":"https:\/\/claudiamuscente.it\/?page_id=44","name":"Psicoterapia - CLAUDIA MUSCENTE","isPartOf":{"@id":"https:\/\/claudiamuscente.it\/#website"},"datePublished":"2024-02-28T09:03:13+00:00","dateModified":"2024-02-29T13:15:00+00:00","breadcrumb":{"@id":"https:\/\/claudiamuscente.it\/?page_id=44#breadcrumb"},"inLanguage":"it-IT","potentialAction":[{"@type":"ReadAction","target":["https:\/\/claudiamuscente.it\/?page_id=44"]}]},{"@type":"BreadcrumbList","@id":"https:\/\/claudiamuscente.it\/?page_id=44#breadcrumb","itemListElement":[{"@type":"ListItem","position":1,"name":"Home","item":"https:\/\/claudiamuscente.it\/"},{"@type":"ListItem","position":2,"name":"Psicoterapia"}]},{"@type":"WebSite","@id":"https:\/\/claudiamuscente.it\/#website","url":"https:\/\/claudiamuscente.it\/","name":"CLAUDIA MUSCENTE PSICOLOGA PSICOTERAPEUTA ALESSANDRIA","description":"ansia attacchi di panico disturbi depressivi disturbi di personalit\u00e0 disturbi dell&#039;umore disturbi alimentari","alternateName":"psicologo alessandria","potentialAction":[{"@type":"SearchAction","target":{"@type":"EntryPoint","urlTemplate":"https:\/\/claudiamuscente.it\/?s={search_term_string}"},"query-input":"required name=search_term_string"}],"inLanguage":"it-IT"}]}},"_links":{"self":[{"href":"https:\/\/claudiamuscente.it\/index.php?rest_route=\/wp\/v2\/pages\/44","targetHints":{"allow":["GET"]}}],"collection":[{"href":"https:\/\/claudiamuscente.it\/index.php?rest_route=\/wp\/v2\/pages"}],"about":[{"href":"https:\/\/claudiamuscente.it\/index.php?rest_route=\/wp\/v2\/types\/page"}],"author":[{"embeddable":true,"href":"https:\/\/claudiamuscente.it\/index.php?rest_route=\/wp\/v2\/users\/1"}],"replies":[{"embeddable":true,"href":"https:\/\/claudiamuscente.it\/index.php?rest_route=%2Fwp%2Fv2%2Fcomments&post=44"}],"version-history":[{"count":2,"href":"https:\/\/claudiamuscente.it\/index.php?rest_route=\/wp\/v2\/pages\/44\/revisions"}],"predecessor-version":[{"id":109,"href":"https:\/\/claudiamuscente.it\/index.php?rest_route=\/wp\/v2\/pages\/44\/revisions\/109"}],"wp:attachment":[{"href":"https:\/\/claudiamuscente.it\/index.php?rest_route=%2Fwp%2Fv2%2Fmedia&parent=44"}],"curies":[{"name":"wp","href":"https:\/\/api.w.org\/{rel}","templated":true}]}}