{"id":15,"date":"2024-02-26T10:33:37","date_gmt":"2024-02-26T09:33:37","guid":{"rendered":"https:\/\/claudiamuscente.it\/?page_id=15"},"modified":"2024-04-02T11:25:41","modified_gmt":"2024-04-02T09:25:41","slug":"dottoressa-claudia-muscente","status":"publish","type":"page","link":"https:\/\/claudiamuscente.it\/","title":{"rendered":"Dottoressa Claudia Muscente"},"content":{"rendered":"\n<div class=\"wp-block-columns is-layout-flex wp-container-core-columns-is-layout-28f84493 wp-block-columns-is-layout-flex\" style=\"border-style:none;border-width:0px;border-radius:0px\">\n<div class=\"wp-block-column is-layout-flow wp-block-column-is-layout-flow\" style=\"border-style:none;border-width:0px\">\n<figure class=\"wp-block-image size-full\"><a href=\"https:\/\/claudiamuscente.it\/?page_id=42\"><img loading=\"lazy\" decoding=\"async\" width=\"400\" height=\"150\" src=\"https:\/\/claudiamuscente.it\/wp-content\/uploads\/2024\/03\/cornice-suppo-1.png\" alt=\"\" class=\"wp-image-161\" srcset=\"https:\/\/claudiamuscente.it\/wp-content\/uploads\/2024\/03\/cornice-suppo-1.png 400w, https:\/\/claudiamuscente.it\/wp-content\/uploads\/2024\/03\/cornice-suppo-1-300x113.png 300w\" sizes=\"auto, (max-width: 400px) 100vw, 400px\" \/><\/a><\/figure>\n<\/div>\n\n\n\n<div class=\"wp-block-column is-layout-flow wp-block-column-is-layout-flow\">\n<figure class=\"wp-block-image size-full\"><a href=\"https:\/\/claudiamuscente.it\/?page_id=44\"><img loading=\"lazy\" decoding=\"async\" width=\"400\" height=\"150\" src=\"https:\/\/claudiamuscente.it\/wp-content\/uploads\/2024\/03\/cornice-psico.png\" alt=\"\" class=\"wp-image-155\" srcset=\"https:\/\/claudiamuscente.it\/wp-content\/uploads\/2024\/03\/cornice-psico.png 400w, https:\/\/claudiamuscente.it\/wp-content\/uploads\/2024\/03\/cornice-psico-300x113.png 300w\" sizes=\"auto, (max-width: 400px) 100vw, 400px\" \/><\/a><\/figure>\n<\/div>\n\n\n\n<div class=\"wp-block-column is-layout-flow wp-block-column-is-layout-flow\">\n<figure class=\"wp-block-image size-full\"><a href=\"https:\/\/claudiamuscente.it\/?page_id=138\"><img loading=\"lazy\" decoding=\"async\" width=\"400\" height=\"150\" src=\"https:\/\/claudiamuscente.it\/wp-content\/uploads\/2024\/03\/cornice-psdiag.png\" alt=\"\" class=\"wp-image-158\" srcset=\"https:\/\/claudiamuscente.it\/wp-content\/uploads\/2024\/03\/cornice-psdiag.png 400w, https:\/\/claudiamuscente.it\/wp-content\/uploads\/2024\/03\/cornice-psdiag-300x113.png 300w\" sizes=\"auto, (max-width: 400px) 100vw, 400px\" \/><\/a><\/figure>\n<\/div>\n<\/div>\n\n\n\n<div class=\"wp-block-columns is-layout-flex wp-container-core-columns-is-layout-28f84493 wp-block-columns-is-layout-flex\">\n<div class=\"wp-block-column is-layout-flow wp-block-column-is-layout-flow\">\n<figure class=\"wp-block-image size-full is-resized\"><img loading=\"lazy\" decoding=\"async\" width=\"728\" height=\"815\" src=\"https:\/\/claudiamuscente.it\/wp-content\/uploads\/2024\/02\/claudia.png\" alt=\"\" class=\"wp-image-53\" style=\"width:400px\" srcset=\"https:\/\/claudiamuscente.it\/wp-content\/uploads\/2024\/02\/claudia.png 728w, https:\/\/claudiamuscente.it\/wp-content\/uploads\/2024\/02\/claudia-268x300.png 268w\" sizes=\"auto, (max-width: 728px) 100vw, 728px\" \/><\/figure>\n<\/div>\n\n\n\n<div class=\"wp-block-column is-layout-flow wp-block-column-is-layout-flow\">\n<p align=\"Justify\">Il mio lavoro \u00e8 rivolto a giovani e adulti, che durante la loro vita si trovano ad affrontare momenti di difficolt\u00e0, periodi di crisi, confusione, ansia o depressione che interferiscono nelle attivit\u00e0 quotidiane, sul benessere emotivo o sulla propria autostima. Fondamentale nel percorso di cura \u00e8 la relazione terapeutica. Un ambiente dove sentirsi sicuri di esplorare i propri sentimenti, il proprio mondo interno, in uno spazio accogliente, riservato e privo di giudizio. La sofferenza psicologica \u00e8 una condizione comune, solitamente nasce da un malessere interno. Attraverso l&#8217;analisi della propria storia si pu\u00f2 giungere alla conoscenza di quei meccanismi che la mente usa come difese ma che ci creano sofferenza e quindi modificarli. Le caratteristiche che guidano il mio lavoro sono : empatia, etica, 10 anni di psicoterapia personale e formazione continua presso la SPP di Torino. Mi occupo di disturbi d&#8217;ansia, depressione, disturbi di panico, ossessivi, post-traumatici-alimentari, di coppia, problemi a rapportarsi con gli altri e col mondo esterno, problemi a livello scolastico e lavorativo, difficolt\u00e0 ad elaborare qualsiasi tipo di perdita come lutto separazione o senso di frustrazione in generale. Timidezza, difficolt\u00e0 nel prendere decisioni, scarsa autostima, mancanza di motivazione, sensazione di vuoto esistenziale e solitudine. Possibilit\u00e0 di colloqui on-line o in studio. Per colloqui on-line disponibilit\u00e0 anche ore pasti e serali compreso il sabato.<\/p>\n<\/div>\n<\/div>\n","protected":false},"excerpt":{"rendered":"<p>Il mio lavoro \u00e8 rivolto a giovani e adulti, che durante la loro vita si trovano ad affrontare momenti di difficolt\u00e0, periodi di crisi, confusione, ansia o depressione che interferiscono nelle attivit\u00e0 quotidiane, sul benessere emotivo o sulla propria autostima. Fondamentale nel percorso di cura \u00e8 la relazione terapeutica. Un ambiente dove sentirsi sicuri di [&hellip;]<\/p>\n","protected":false},"author":1,"featured_media":0,"parent":0,"menu_order":0,"comment_status":"closed","ping_status":"closed","template":"","meta":{"footnotes":""},"class_list":["post-15","page","type-page","status-publish","hentry"],"yoast_head":"<!-- This site is optimized with the Yoast SEO plugin v22.7 - https:\/\/yoast.com\/wordpress\/plugins\/seo\/ -->\n<title>Dottoressa Claudia Muscente - CLAUDIA MUSCENTE<\/title>\n<meta name=\"robots\" content=\"index, follow, max-snippet:-1, max-image-preview:large, max-video-preview:-1\" \/>\n<link rel=\"canonical\" href=\"https:\/\/claudiamuscente.it\/\" \/>\n<meta property=\"og:locale\" content=\"it_IT\" \/>\n<meta property=\"og:type\" content=\"article\" \/>\n<meta property=\"og:title\" content=\"Dottoressa Claudia Muscente - CLAUDIA MUSCENTE\" \/>\n<meta property=\"og:description\" content=\"Il mio lavoro \u00e8 rivolto a giovani e adulti, che durante la loro vita si trovano ad affrontare momenti di difficolt\u00e0, periodi di crisi, confusione, ansia o depressione che interferiscono nelle attivit\u00e0 quotidiane, sul benessere emotivo o sulla propria autostima. Fondamentale nel percorso di cura \u00e8 la relazione terapeutica. Un ambiente dove sentirsi sicuri di [&hellip;]\" \/>\n<meta property=\"og:url\" content=\"https:\/\/claudiamuscente.it\/\" \/>\n<meta property=\"og:site_name\" content=\"CLAUDIA MUSCENTE\" \/>\n<meta property=\"article:modified_time\" content=\"2024-04-02T09:25:41+00:00\" \/>\n<meta property=\"og:image\" content=\"https:\/\/claudiamuscente.it\/wp-content\/uploads\/2024\/03\/cornice-suppo-1.png\" \/>\n<meta name=\"twitter:card\" content=\"summary_large_image\" \/>\n<meta name=\"twitter:label1\" content=\"Tempo di lettura stimato\" \/>\n\t<meta name=\"twitter:data1\" content=\"1 minuto\" \/>\n<script type=\"application\/ld+json\" class=\"yoast-schema-graph\">{\"@context\":\"https:\/\/schema.org\",\"@graph\":[{\"@type\":\"WebPage\",\"@id\":\"https:\/\/claudiamuscente.it\/\",\"url\":\"https:\/\/claudiamuscente.it\/\",\"name\":\"Dottoressa Claudia Muscente - CLAUDIA MUSCENTE\",\"isPartOf\":{\"@id\":\"https:\/\/claudiamuscente.it\/#website\"},\"primaryImageOfPage\":{\"@id\":\"https:\/\/claudiamuscente.it\/#primaryimage\"},\"image\":{\"@id\":\"https:\/\/claudiamuscente.it\/#primaryimage\"},\"thumbnailUrl\":\"https:\/\/claudiamuscente.it\/wp-content\/uploads\/2024\/03\/cornice-suppo-1.png\",\"datePublished\":\"2024-02-26T09:33:37+00:00\",\"dateModified\":\"2024-04-02T09:25:41+00:00\",\"breadcrumb\":{\"@id\":\"https:\/\/claudiamuscente.it\/#breadcrumb\"},\"inLanguage\":\"it-IT\",\"potentialAction\":[{\"@type\":\"ReadAction\",\"target\":[\"https:\/\/claudiamuscente.it\/\"]}]},{\"@type\":\"ImageObject\",\"inLanguage\":\"it-IT\",\"@id\":\"https:\/\/claudiamuscente.it\/#primaryimage\",\"url\":\"https:\/\/claudiamuscente.it\/wp-content\/uploads\/2024\/03\/cornice-suppo-1.png\",\"contentUrl\":\"https:\/\/claudiamuscente.it\/wp-content\/uploads\/2024\/03\/cornice-suppo-1.png\",\"width\":400,\"height\":150},{\"@type\":\"BreadcrumbList\",\"@id\":\"https:\/\/claudiamuscente.it\/#breadcrumb\",\"itemListElement\":[{\"@type\":\"ListItem\",\"position\":1,\"name\":\"Home\",\"item\":\"https:\/\/claudiamuscente.it\/\"},{\"@type\":\"ListItem\",\"position\":2,\"name\":\"Dottoressa Claudia Muscente\"}]},{\"@type\":\"WebSite\",\"@id\":\"https:\/\/claudiamuscente.it\/#website\",\"url\":\"https:\/\/claudiamuscente.it\/\",\"name\":\"CLAUDIA MUSCENTE PSICOLOGA PSICOTERAPEUTA ALESSANDRIA\",\"description\":\"ansia attacchi di panico disturbi depressivi disturbi di personalit\u00e0 disturbi dell&#039;umore disturbi alimentari\",\"alternateName\":\"psicologo alessandria\",\"potentialAction\":[{\"@type\":\"SearchAction\",\"target\":{\"@type\":\"EntryPoint\",\"urlTemplate\":\"https:\/\/claudiamuscente.it\/?s={search_term_string}\"},\"query-input\":\"required name=search_term_string\"}],\"inLanguage\":\"it-IT\"}]}<\/script>\n<!-- \/ Yoast SEO plugin. -->","yoast_head_json":{"title":"Dottoressa Claudia Muscente - CLAUDIA MUSCENTE","robots":{"index":"index","follow":"follow","max-snippet":"max-snippet:-1","max-image-preview":"max-image-preview:large","max-video-preview":"max-video-preview:-1"},"canonical":"https:\/\/claudiamuscente.it\/","og_locale":"it_IT","og_type":"article","og_title":"Dottoressa Claudia Muscente - CLAUDIA MUSCENTE","og_description":"Il mio lavoro \u00e8 rivolto a giovani e adulti, che durante la loro vita si trovano ad affrontare momenti di difficolt\u00e0, periodi di crisi, confusione, ansia o depressione che interferiscono nelle attivit\u00e0 quotidiane, sul benessere emotivo o sulla propria autostima. Fondamentale nel percorso di cura \u00e8 la relazione terapeutica. Un ambiente dove sentirsi sicuri di [&hellip;]","og_url":"https:\/\/claudiamuscente.it\/","og_site_name":"CLAUDIA MUSCENTE","article_modified_time":"2024-04-02T09:25:41+00:00","og_image":[{"url":"https:\/\/claudiamuscente.it\/wp-content\/uploads\/2024\/03\/cornice-suppo-1.png"}],"twitter_card":"summary_large_image","twitter_misc":{"Tempo di lettura stimato":"1 minuto"},"schema":{"@context":"https:\/\/schema.org","@graph":[{"@type":"WebPage","@id":"https:\/\/claudiamuscente.it\/","url":"https:\/\/claudiamuscente.it\/","name":"Dottoressa Claudia Muscente - CLAUDIA MUSCENTE","isPartOf":{"@id":"https:\/\/claudiamuscente.it\/#website"},"primaryImageOfPage":{"@id":"https:\/\/claudiamuscente.it\/#primaryimage"},"image":{"@id":"https:\/\/claudiamuscente.it\/#primaryimage"},"thumbnailUrl":"https:\/\/claudiamuscente.it\/wp-content\/uploads\/2024\/03\/cornice-suppo-1.png","datePublished":"2024-02-26T09:33:37+00:00","dateModified":"2024-04-02T09:25:41+00:00","breadcrumb":{"@id":"https:\/\/claudiamuscente.it\/#breadcrumb"},"inLanguage":"it-IT","potentialAction":[{"@type":"ReadAction","target":["https:\/\/claudiamuscente.it\/"]}]},{"@type":"ImageObject","inLanguage":"it-IT","@id":"https:\/\/claudiamuscente.it\/#primaryimage","url":"https:\/\/claudiamuscente.it\/wp-content\/uploads\/2024\/03\/cornice-suppo-1.png","contentUrl":"https:\/\/claudiamuscente.it\/wp-content\/uploads\/2024\/03\/cornice-suppo-1.png","width":400,"height":150},{"@type":"BreadcrumbList","@id":"https:\/\/claudiamuscente.it\/#breadcrumb","itemListElement":[{"@type":"ListItem","position":1,"name":"Home","item":"https:\/\/claudiamuscente.it\/"},{"@type":"ListItem","position":2,"name":"Dottoressa Claudia Muscente"}]},{"@type":"WebSite","@id":"https:\/\/claudiamuscente.it\/#website","url":"https:\/\/claudiamuscente.it\/","name":"CLAUDIA MUSCENTE PSICOLOGA PSICOTERAPEUTA ALESSANDRIA","description":"ansia attacchi di panico disturbi depressivi disturbi di personalit\u00e0 disturbi dell&#039;umore disturbi alimentari","alternateName":"psicologo alessandria","potentialAction":[{"@type":"SearchAction","target":{"@type":"EntryPoint","urlTemplate":"https:\/\/claudiamuscente.it\/?s={search_term_string}"},"query-input":"required name=search_term_string"}],"inLanguage":"it-IT"}]}},"_links":{"self":[{"href":"https:\/\/claudiamuscente.it\/index.php?rest_route=\/wp\/v2\/pages\/15","targetHints":{"allow":["GET"]}}],"collection":[{"href":"https:\/\/claudiamuscente.it\/index.php?rest_route=\/wp\/v2\/pages"}],"about":[{"href":"https:\/\/claudiamuscente.it\/index.php?rest_route=\/wp\/v2\/types\/page"}],"author":[{"embeddable":true,"href":"https:\/\/claudiamuscente.it\/index.php?rest_route=\/wp\/v2\/users\/1"}],"replies":[{"embeddable":true,"href":"https:\/\/claudiamuscente.it\/index.php?rest_route=%2Fwp%2Fv2%2Fcomments&post=15"}],"version-history":[{"count":34,"href":"https:\/\/claudiamuscente.it\/index.php?rest_route=\/wp\/v2\/pages\/15\/revisions"}],"predecessor-version":[{"id":164,"href":"https:\/\/claudiamuscente.it\/index.php?rest_route=\/wp\/v2\/pages\/15\/revisions\/164"}],"wp:attachment":[{"href":"https:\/\/claudiamuscente.it\/index.php?rest_route=%2Fwp%2Fv2%2Fmedia&parent=15"}],"curies":[{"name":"wp","href":"https:\/\/api.w.org\/{rel}","templated":true}]}}