{"id":102,"date":"2024-02-29T11:42:02","date_gmt":"2024-02-29T10:42:02","guid":{"rendered":"https:\/\/claudiamuscente.it\/?page_id=102"},"modified":"2024-02-29T11:42:02","modified_gmt":"2024-02-29T10:42:02","slug":"cookie-policy","status":"publish","type":"page","link":"https:\/\/claudiamuscente.it\/?page_id=102","title":{"rendered":"Cookie Policy"},"content":{"rendered":"\n<p><strong>Informazioni sui cookie<\/strong><\/p>\n\n\n\n<p>Un cookie \u00e8 un file di piccole dimensioni, generalmente composto da lettere e da numeri, che viene registrato localmente dal sito web nella memoria temporanea del Suo browser, e quindi nel Suo computer, per periodi di tempo variabili in funzione dell\u2019esigenza e generalmente compresi tra poche ore e alcuni anni. Mediante i cookie \u00e8 possibile registrare informazioni relative alle Sue preferenze e altri dati tecnici che permettono una navigazione pi\u00f9 agevole e una maggiore facilit\u00e0 d&#8217;uso ed efficacia del sito stesso. Ad esempio, i cookies possono essere usati per determinare se \u00e8 gi\u00e0 stata effettuata una connessione fra il Suo computer e il nostro sito o per mantenere le informazioni di \u201clogin\u201d.<br><br>Per ulteriori informazioni consultare i siti:<br><a href=\"https:\/\/www.allaboutcookies.org\/\" target=\"_blank\" rel=\"noreferrer noopener\">https:\/\/www.allaboutcookies.org\/<\/a><br><a href=\"https:\/\/www.youronlinechoices.com\/it\/\" target=\"_blank\" rel=\"noreferrer noopener\">https:\/\/www.youronlinechoices.com\/it\/<\/a><br><a href=\"https:\/\/cookiepedia.co.uk\/how-to-manage-cookies\" target=\"_blank\" rel=\"noreferrer noopener\">https:\/\/cookiepedia.co.uk\/how-to-manage-cookies<\/a><\/p>\n\n\n\n<p><strong><br>Tipi di cookie<\/strong><\/p>\n\n\n\n<p>In base alle caratteristiche e all\u2019utilizzo possiamo distinguere diverse categorie di cookie.<\/p>\n\n\n\n<p><strong>Cookie tecnici e di profilazione<\/strong><\/p>\n\n\n\n<p><strong>Cookie tecnici <\/strong>\u2013 Sono necessari al corretto funzionamento del sito e all\u2019erogazione del servizio. Sono utilizzati, ad esempio, per gestire il login, la corretta navigazione delle pagine, la memorizzazione delle credenziali di accesso per rendere pi\u00f9 rapido l\u2019ingresso nel sito e per mantenere attive le preferenze e le credenziali durante la navigazione.<\/p>\n\n\n\n<p><strong>Cookie di profilazione<\/strong> \u2013 Sono utilizzati per raccogliere e analizzare il traffico e l\u2019utilizzo del sito. Questi cookie, pur senza identificare l\u2019utente, consentono, per esempio, di rilevare se il medesimo utente torna a collegarsi in momenti diversi. Permettono, inoltre, di monitorare il sistema e migliorarne le prestazioni e l\u2019usabilit\u00e0.<br><br><strong>Cookie di sessione e permanenti<\/strong><\/p>\n\n\n\n<p>I cookie possono scadere al termine di una sessione del browser (il periodo fra l\u2019apertura di una finestra del browser da parte dell\u2019utente e la sua chiusura) oppure possono essere conservati per un arco di tempo pi\u00f9 lungo.<br><strong>Cookie di sessione<\/strong> \u2013 Consentono ai siti web di collegare le azioni di un utente durante una sessione del browser. I cookie di sessione scadono quando termina la sessione del browser e pertanto non vengono conservati a lungo.<br><strong>Cookie permanenti<\/strong> \u2013 Sono conservati sul dispositivo di un utente tra le sessioni del browser e permettono di memorizzare le preferenze o le azioni dell\u2019utente rispetto a un sito o in alcuni casi rispetto a diversi siti web.<\/p>\n\n\n\n<p><strong>Cookie di prima parte e di terze parti<\/strong><\/p>\n\n\n\n<p>Un cookie \u00e8 \u201cdi prima parte\u201d o \u201cdi terze parti\u201d in base al sito web o al dominio da cui proviene.<\/p>\n\n\n\n<p><strong>Cookie di prima parte<\/strong> \u2013 Sono i cookie impostati da un sito web visitato dall\u2019utente ovvero da un sito web visualizzato nella finestra dell\u2019URL.<br><strong>Cookie di terze parti<\/strong> \u2013 Sono i cookie impostati da un dominio diverso da quello visitato dall\u2019utente. Si parla di un cookie di terze parti se un utente visita un sito web e una societ\u00e0 terza imposta un cookie attraverso quel sito.<\/p>\n\n\n\n<p><strong>L\u2019analisi dei cookie di questo sito web \u00e8 aggiornata e verificata periodicamente, \u00e8 possibile attraverso il pop up proposto all\u2019accesso del sito visualizzare i cookie utilizzati nel men\u00f9 dettagli.<\/strong><\/p>\n\n\n\n<p>Altri possibili utilizzi di questi cookies nel nostro sito web sono elencati di seguito:<\/p>\n\n\n\n<ul class=\"wp-block-list\">\n<li>Riconoscere il computer dell\u2019utente quando visita il nostro sito web.<\/li>\n\n\n\n<li>Tenere traccia della navigazione sul nostro sito web.<\/li>\n\n\n\n<li>Tenere traccia dell\u2019accettazione o presa visione o meno da parte dell\u2019utente della cookie policy.<\/li>\n\n\n\n<li>Migliorare la fruibilit\u00e0 del sito web.<\/li>\n\n\n\n<li>Analizzare l\u2019utilizzo del nostro sito web.<\/li>\n\n\n\n<li>Gestire questo sito web.<\/li>\n\n\n\n<li>Migliorare la sicurezza del sito web.<\/li>\n\n\n\n<li>Personalizzare il sito web in base alle esigenze dell\u2019utente.<\/li>\n<\/ul>\n\n\n\n<p><strong>Blocco\/eliminazione dei cookie<\/strong><\/p>\n\n\n\n<p>\u00c8 possibile configurare il proprio browser tramite il popup che viene proposto prima di accedere al sito, in modo da utilizzare solo i cookie necessari, oppure selezionare quelli da accettare, accettarli tutti oppure proseguire la navigazione, seppure in modo limitato ma senza nessun cookie.<\/p>\n\n\n\n<p><br>\u00c8 inoltre possibile eliminare i cookie gi\u00e0 conservati sul computer.<\/p>\n\n\n\n<p><strong>Gestione dei cookie sui principali browser:<\/strong><\/p>\n\n\n\n<p><strong>Internet Explorer<br><\/strong><a href=\"https:\/\/support.microsoft.com\/it-it\/windows\/eliminare-e-gestire-i-cookie-168dab11-0753-043d-7c16-ede5947fc64d\" target=\"_blank\" rel=\"noreferrer noopener\">https:\/\/support.microsoft.com\/it-it\/windows\/eliminare-e-gestire-i-cookie-168dab11-0753-043d-7c16-ede5947fc64d<\/a><\/p>\n\n\n\n<p><strong>Firefox<br><\/strong><a href=\"https:\/\/support.mozilla.org\/it\/kb\/Gestione%20dei%20cookie\" target=\"_blank\" rel=\"noreferrer noopener\">https:\/\/support.mozilla.org\/it\/kb\/Gestione%20dei%20cookie<\/a><\/p>\n\n\n\n<p><strong>Chrome<br><\/strong><a href=\"https:\/\/support.google.com\/chrome\/answer\/95647?hl=it\" target=\"_blank\" rel=\"noreferrer noopener\">https:\/\/support.google.com\/chrome\/answer\/95647?hl=it<\/a><\/p>\n\n\n\n<p><strong>Safari<br><\/strong><a href=\"https:\/\/support.apple.com\/it-it\/HT201265\" target=\"_blank\" rel=\"noreferrer noopener\">https:\/\/support.apple.com\/it-it\/HT201265<\/a><\/p>\n\n\n\n<p><strong>Opera<br><\/strong><a href=\"https:\/\/help.opera.com\/en\/latest\/web-preferences\/#cookies\" target=\"_blank\" rel=\"noreferrer noopener\">https:\/\/help.opera.com\/en\/latest\/web-preferences\/#cookies<\/a><\/p>\n","protected":false},"excerpt":{"rendered":"<p>Informazioni sui cookie Un cookie \u00e8 un file di piccole dimensioni, generalmente composto da lettere e da numeri, che viene registrato localmente dal sito web nella memoria temporanea del Suo browser, e quindi nel Suo computer, per periodi di tempo variabili in funzione dell\u2019esigenza e generalmente compresi tra poche ore e alcuni anni. Mediante i [&hellip;]<\/p>\n","protected":false},"author":1,"featured_media":0,"parent":0,"menu_order":0,"comment_status":"closed","ping_status":"closed","template":"","meta":{"footnotes":""},"class_list":["post-102","page","type-page","status-publish","hentry"],"yoast_head":"<!-- This site is optimized with the Yoast SEO plugin v22.7 - https:\/\/yoast.com\/wordpress\/plugins\/seo\/ -->\n<title>Cookie Policy - CLAUDIA MUSCENTE<\/title>\n<meta name=\"robots\" content=\"index, follow, max-snippet:-1, max-image-preview:large, max-video-preview:-1\" \/>\n<link rel=\"canonical\" href=\"https:\/\/claudiamuscente.it\/?page_id=102\" \/>\n<meta property=\"og:locale\" content=\"it_IT\" \/>\n<meta property=\"og:type\" content=\"article\" \/>\n<meta property=\"og:title\" content=\"Cookie Policy - CLAUDIA MUSCENTE\" \/>\n<meta property=\"og:description\" content=\"Informazioni sui cookie Un cookie \u00e8 un file di piccole dimensioni, generalmente composto da lettere e da numeri, che viene registrato localmente dal sito web nella memoria temporanea del Suo browser, e quindi nel Suo computer, per periodi di tempo variabili in funzione dell\u2019esigenza e generalmente compresi tra poche ore e alcuni anni. Mediante i [&hellip;]\" \/>\n<meta property=\"og:url\" content=\"https:\/\/claudiamuscente.it\/?page_id=102\" \/>\n<meta property=\"og:site_name\" content=\"CLAUDIA MUSCENTE\" \/>\n<meta name=\"twitter:card\" content=\"summary_large_image\" \/>\n<meta name=\"twitter:label1\" content=\"Tempo di lettura stimato\" \/>\n\t<meta name=\"twitter:data1\" content=\"3 minuti\" \/>\n<script type=\"application\/ld+json\" class=\"yoast-schema-graph\">{\"@context\":\"https:\/\/schema.org\",\"@graph\":[{\"@type\":\"WebPage\",\"@id\":\"https:\/\/claudiamuscente.it\/?page_id=102\",\"url\":\"https:\/\/claudiamuscente.it\/?page_id=102\",\"name\":\"Cookie Policy - CLAUDIA MUSCENTE\",\"isPartOf\":{\"@id\":\"https:\/\/claudiamuscente.it\/#website\"},\"datePublished\":\"2024-02-29T10:42:02+00:00\",\"dateModified\":\"2024-02-29T10:42:02+00:00\",\"breadcrumb\":{\"@id\":\"https:\/\/claudiamuscente.it\/?page_id=102#breadcrumb\"},\"inLanguage\":\"it-IT\",\"potentialAction\":[{\"@type\":\"ReadAction\",\"target\":[\"https:\/\/claudiamuscente.it\/?page_id=102\"]}]},{\"@type\":\"BreadcrumbList\",\"@id\":\"https:\/\/claudiamuscente.it\/?page_id=102#breadcrumb\",\"itemListElement\":[{\"@type\":\"ListItem\",\"position\":1,\"name\":\"Home\",\"item\":\"https:\/\/claudiamuscente.it\/\"},{\"@type\":\"ListItem\",\"position\":2,\"name\":\"Cookie Policy\"}]},{\"@type\":\"WebSite\",\"@id\":\"https:\/\/claudiamuscente.it\/#website\",\"url\":\"https:\/\/claudiamuscente.it\/\",\"name\":\"CLAUDIA MUSCENTE PSICOLOGA PSICOTERAPEUTA ALESSANDRIA\",\"description\":\"ansia attacchi di panico disturbi depressivi disturbi di personalit\u00e0 disturbi dell&#039;umore disturbi alimentari\",\"alternateName\":\"psicologo alessandria\",\"potentialAction\":[{\"@type\":\"SearchAction\",\"target\":{\"@type\":\"EntryPoint\",\"urlTemplate\":\"https:\/\/claudiamuscente.it\/?s={search_term_string}\"},\"query-input\":\"required name=search_term_string\"}],\"inLanguage\":\"it-IT\"}]}<\/script>\n<!-- \/ Yoast SEO plugin. -->","yoast_head_json":{"title":"Cookie Policy - CLAUDIA MUSCENTE","robots":{"index":"index","follow":"follow","max-snippet":"max-snippet:-1","max-image-preview":"max-image-preview:large","max-video-preview":"max-video-preview:-1"},"canonical":"https:\/\/claudiamuscente.it\/?page_id=102","og_locale":"it_IT","og_type":"article","og_title":"Cookie Policy - CLAUDIA MUSCENTE","og_description":"Informazioni sui cookie Un cookie \u00e8 un file di piccole dimensioni, generalmente composto da lettere e da numeri, che viene registrato localmente dal sito web nella memoria temporanea del Suo browser, e quindi nel Suo computer, per periodi di tempo variabili in funzione dell\u2019esigenza e generalmente compresi tra poche ore e alcuni anni. Mediante i [&hellip;]","og_url":"https:\/\/claudiamuscente.it\/?page_id=102","og_site_name":"CLAUDIA MUSCENTE","twitter_card":"summary_large_image","twitter_misc":{"Tempo di lettura stimato":"3 minuti"},"schema":{"@context":"https:\/\/schema.org","@graph":[{"@type":"WebPage","@id":"https:\/\/claudiamuscente.it\/?page_id=102","url":"https:\/\/claudiamuscente.it\/?page_id=102","name":"Cookie Policy - CLAUDIA MUSCENTE","isPartOf":{"@id":"https:\/\/claudiamuscente.it\/#website"},"datePublished":"2024-02-29T10:42:02+00:00","dateModified":"2024-02-29T10:42:02+00:00","breadcrumb":{"@id":"https:\/\/claudiamuscente.it\/?page_id=102#breadcrumb"},"inLanguage":"it-IT","potentialAction":[{"@type":"ReadAction","target":["https:\/\/claudiamuscente.it\/?page_id=102"]}]},{"@type":"BreadcrumbList","@id":"https:\/\/claudiamuscente.it\/?page_id=102#breadcrumb","itemListElement":[{"@type":"ListItem","position":1,"name":"Home","item":"https:\/\/claudiamuscente.it\/"},{"@type":"ListItem","position":2,"name":"Cookie Policy"}]},{"@type":"WebSite","@id":"https:\/\/claudiamuscente.it\/#website","url":"https:\/\/claudiamuscente.it\/","name":"CLAUDIA MUSCENTE PSICOLOGA PSICOTERAPEUTA ALESSANDRIA","description":"ansia attacchi di panico disturbi depressivi disturbi di personalit\u00e0 disturbi dell&#039;umore disturbi alimentari","alternateName":"psicologo alessandria","potentialAction":[{"@type":"SearchAction","target":{"@type":"EntryPoint","urlTemplate":"https:\/\/claudiamuscente.it\/?s={search_term_string}"},"query-input":"required name=search_term_string"}],"inLanguage":"it-IT"}]}},"_links":{"self":[{"href":"https:\/\/claudiamuscente.it\/index.php?rest_route=\/wp\/v2\/pages\/102","targetHints":{"allow":["GET"]}}],"collection":[{"href":"https:\/\/claudiamuscente.it\/index.php?rest_route=\/wp\/v2\/pages"}],"about":[{"href":"https:\/\/claudiamuscente.it\/index.php?rest_route=\/wp\/v2\/types\/page"}],"author":[{"embeddable":true,"href":"https:\/\/claudiamuscente.it\/index.php?rest_route=\/wp\/v2\/users\/1"}],"replies":[{"embeddable":true,"href":"https:\/\/claudiamuscente.it\/index.php?rest_route=%2Fwp%2Fv2%2Fcomments&post=102"}],"version-history":[{"count":1,"href":"https:\/\/claudiamuscente.it\/index.php?rest_route=\/wp\/v2\/pages\/102\/revisions"}],"predecessor-version":[{"id":103,"href":"https:\/\/claudiamuscente.it\/index.php?rest_route=\/wp\/v2\/pages\/102\/revisions\/103"}],"wp:attachment":[{"href":"https:\/\/claudiamuscente.it\/index.php?rest_route=%2Fwp%2Fv2%2Fmedia&parent=102"}],"curies":[{"name":"wp","href":"https:\/\/api.w.org\/{rel}","templated":true}]}}